{"id":6915,"date":"2023-02-10T16:49:19","date_gmt":"2023-02-10T15:49:19","guid":{"rendered":"https:\/\/www.elkanaphotography.com\/site\/?page_id=6915"},"modified":"2025-11-12T22:04:34","modified_gmt":"2025-11-12T21:04:34","slug":"tarifs","status":"publish","type":"page","link":"https:\/\/www.elkanaphotography.com\/site\/tarifs\/","title":{"rendered":"Tarifs 2025-2026"},"content":{"rendered":"<p><h2 class=\"section-title center\">Voulez-vous que je vous tire le portrait ?<\/h2><\/p>\n<p>La science des couleurs et la composition des photos sont des propri\u00e9t\u00e9s subjectives. Mais si vous \u00eates l\u00e0, c&rsquo;est sans doute parce que vous \u00eates attir\u00e9s par mes photos et que vous souhaitez avoir confiance en mon sens artistique. Chacune de mes photos est trait\u00e9e individuellement. J&rsquo;ajuste la luminosit\u00e9, les contrastes et les couleurs pour que vos photos re\u00e7oivent un d\u00e9veloppement qui les sublime sans les d\u00e9naturer. Une galerie photo en ligne est incluse pour chaque s\u00e9ance et mariage. Vous pouvez y partager les photos avec les personnes de votre choix. Vous pouvez \u00e9galement tirer les photos autant de fois que vous le souhaitez et dans l&rsquo;enseigne de votre choix. Je peux \u00e9galement le faire moi-m\u00eame dans <a href=\"#atelier\"><strong>mon atelier<\/strong><\/a>.<\/p>\n<p><div class=\"row\"><\/p>\n<p><div class=\"col-sm-4   \"><\/p>\n<p><div class=\"pricing-table\"><\/p>\n<h3>S\u00e9ance photo<\/h3>\n<h4>305\u20ac<\/h4>\n<p>1h maximum la s\u00e9ance<\/p>\n<p>10 photos en haute qualit\u00e9<br \/>\u00e0 t\u00e9l\u00e9charger<\/p>\n<p>1 galerie priv\u00e9e en ligne<\/p>\n<p>2 tirages 13 x 19.5<br \/>d\u00e9velopp\u00e9s par mes soins<br \/>dans mon atelier sur papier Canson<\/p>\n<p>Le traitement individuel<br \/>de chaque photo<\/p>\n<p>Le d\u00e9placement inclus<br \/>dans un rayon de 30km<br \/>du centre de Lille<\/p>\n<p><a href=\"\/site\/contact\/\" class=\"button  \">R\u00e9server<\/a><\/p>\n<ul>\n<li><em>* photos suppl\u00e9mentaires +5\u20ac\/photo<\/em><\/li>\n<li><em>* 5 photos suppl\u00e9mentaires maximum<br \/><\/em><\/li>\n<\/ul>\n<p><\/div><\/p>\n<p><\/div><\/p>\n<p><div class=\"col-sm-4   \"><\/p>\n<p><div class=\"pricing-table\"><\/p>\n<h3>Mariage<\/h3>\n<h4>3107\u20ac<\/h4>\n<p>Jusqu&rsquo;\u00e0 8 heures<\/p>\n<p>400 photos en haute qualit\u00e9<br \/>\u00e0 t\u00e9l\u00e9charger<\/p>\n<p>1 galerie priv\u00e9e en ligne<\/p>\n<p>Pr\u00e9paration de la mari\u00e9e<br \/>Mairie \/ C\u00e9r\u00e9monie religieuse<br \/>S\u00e9ance photo du couple<br \/>Vin d&rsquo;honneur<\/p>\n<p>Le traitement individuel<br \/>de chaque photo<\/p>\n<p>Le d\u00e9placement inclus<br \/>dans un rayon de 40km<br \/>du centre de Lille<\/p>\n<p><a href=\"\/site\/contact\/\" class=\"button  \">R\u00e9server<\/a><\/p>\n<ul>\n<li><em>* photos suppl\u00e9mentaires +5\u20ac\/photo<\/em><\/li>\n<li><em>* 100 photos suppl\u00e9mentaires maximum<\/em><\/li>\n<\/ul>\n<p><\/div><\/p>\n<p><\/div><\/p>\n<p><div class=\"col-sm-4   \"><\/p>\n<p><div class=\"pricing-table\"><\/p>\n<h3>Lancez-vous<\/h3>\n<p>Vous avez d&rsquo;autres projets photos<\/p>\n<p>Vous souhaitez une s\u00e9ance photo<br \/>plus longue<\/p>\n<p>Votre mariage est sur plusieurs jours<\/p>\n<p>Les photos sont \u00e0 prendre \u00e0 l&rsquo;\u00e9tranger<\/p>\n<p>Vous \u00eates mod\u00e8le et vous recherchez une collaboration<\/p>\n<p>Votre entreprise a besoin de photos pour son nouveau catalogue<\/p>\n<p>Un petit bonjour ou un gentil message<\/p>\n<p>Alors n&rsquo;h\u00e9sitez pas \u00e0 m&rsquo;\u00e9crire en cliquant sur le bouton ici bas ^^<\/p>\n<p><a href=\"\/site\/contact\/\" class=\"button  \">Me contacter<\/a><\/p>\n<p><\/div><\/p>\n<p><\/div><\/p>\n<p><\/div><\/p>\n<p id=\"atelier\"><h2 class=\"section-title center\">Et si l&rsquo;on souhaite avoir des tirages papiers ?<\/h2><br \/>Cela est tout \u00e0 fait possible ! Je suis un artisan photographe apr\u00e8s tout et je peux tirer les photos moi-m\u00eame dans mon atelier. Vous obtiendrez de belles couleurs pigment\u00e9es sur un beau papier photo Canson qui traversera l&rsquo;\u00e9preuve du temps bien mieux que les tirages de votre supermarch\u00e9 pr\u00e9f\u00e9r\u00e9 ! ;-)<\/p>\n\n\n<figure class=\"wp-block-image size-large\"><a href=\"https:\/\/www.elkanaphotography.com\/site\/wp-content\/uploads\/2025\/03\/tarifs2025.jpg\"><img loading=\"lazy\" decoding=\"async\" width=\"1024\" height=\"480\" src=\"https:\/\/www.elkanaphotography.com\/site\/wp-content\/uploads\/2025\/03\/tarifs2025-1024x480.jpg\" alt=\"\" class=\"wp-image-7104\" srcset=\"https:\/\/www.elkanaphotography.com\/site\/wp-content\/uploads\/2025\/03\/tarifs2025-1024x480.jpg 1024w, https:\/\/www.elkanaphotography.com\/site\/wp-content\/uploads\/2025\/03\/tarifs2025-300x141.jpg 300w, https:\/\/www.elkanaphotography.com\/site\/wp-content\/uploads\/2025\/03\/tarifs2025-768x360.jpg 768w, https:\/\/www.elkanaphotography.com\/site\/wp-content\/uploads\/2025\/03\/tarifs2025-853x400.jpg 853w, https:\/\/www.elkanaphotography.com\/site\/wp-content\/uploads\/2025\/03\/tarifs2025.jpg 1145w\" sizes=\"auto, (max-width: 1024px) 100vw, 1024px\" \/><\/a><\/figure>\n\n\n<\/p>\n<p><h2 class=\"section-title center\">Ce qu&rsquo;ils pensent de moi<\/h2><\/p>\n<p><div class=\"row\"><\/p>\n<p><div class=\"col-sm-4   \"><\/p>\n<p><div class=\"testo\"><img decoding=\"async\" alt=\"\" src=\"http:\/\/www.elkanaphotography.com\/site\/wp-content\/uploads\/2018\/05\/IMG-20180517-WA0002-150x150.jpg\"><h4>Lee et David<span>Mariage<\/span><\/h4><p>Elkana est extr\u00eamement professionnel, il a le sens du d\u00e9tail dans ses photos et arrive toujours \u00e0 mettre les gens en valeur !<\/p><\/div><\/p>\n<p><\/div><\/p>\n<p><div class=\"col-sm-4   \"><\/p>\n<p><div class=\"testo\"><img decoding=\"async\" alt=\"\" src=\"http:\/\/www.elkanaphotography.com\/site\/wp-content\/uploads\/2018\/05\/yael-150x150.jpg\"><h4>Elya R.<span>Shooting \/ Informaticienne<\/span><\/h4><p>De belles couleurs et des photos pleines de vie, vous ne serez pas d\u00e9\u00e7us du rendu avec ce photographe au contact facile<\/p><\/div><\/p>\n<p><\/div><\/p>\n<p><div class=\"col-sm-4   \"><\/p>\n<p><div class=\"testo\"><img decoding=\"async\" alt=\"\" src=\"http:\/\/www.elkanaphotography.com\/site\/wp-content\/uploads\/2018\/05\/VI1_0834-avatar-150x150.jpg\"><h4>Jennifer P.<span>Shooting<\/span><\/h4><p>Un photographe talentueux , souriant et tr\u00e8s sympathique qui r\u00e9alise de tr\u00e8s jolies photos. Je vous le conseille ! Merci encore pour ce petit shoot bien sympa j&rsquo;ai \u00e9t\u00e9 ravie. A bient\u00f4t pour d&rsquo;autres shoot. Jennifer<\/p><\/div><\/p>\n<p><\/div><\/p>\n<p><\/div><\/p>\n<p><div class=\"row\"><\/p>\n<p><div class=\"col-sm-4   \"><\/p>\n<p><div class=\"testo\"><img decoding=\"async\" alt=\"\" src=\"http:\/\/www.elkanaphotography.com\/site\/wp-content\/uploads\/2018\/05\/IMG_20180521_213021_507-avatar-150x150.jpg\"><h4>Alice A.<span>Shooting<\/span><\/h4><p>Vous avez su retranscrire avec esth\u00e9tisme une part de notre vie. Merci pour ces souvenirs immortalis\u00e9s avec go\u00fbt et professionnalisme ! Tr\u00e8s bon photographe, je recommande chaudement \u00e0 tous une s\u00e9ance photo !<\/p><\/div><\/p>\n<p><\/div><\/p>\n<p><div class=\"col-sm-4   \"><\/p>\n<p><div class=\"testo\"><img decoding=\"async\" alt=\"\" src=\"http:\/\/www.elkanaphotography.com\/site\/wp-content\/uploads\/2018\/05\/Artist-Profile-e1527169053133-150x150.jpg\"><h4>Gabriel H.<span>Shooting \/ Graphiste<\/span><\/h4><p>Elkana fait partie de ces rares personnes qui savent ma\u00eetriser l&rsquo;aspect technique en le mettant au service de la beaut\u00e9. Il sait capturer la lumi\u00e8re comme personne et montrer l&rsquo;authenticit\u00e9 d&rsquo;un sujet quel qu&rsquo;il soit ! Bravo l&rsquo;artiste !<\/p><\/div><\/p>\n<p><\/div><\/p>\n<p><\/div><\/p>\n<div class=\"show-buttons\">\n<p style=\"text-align: center;\"><a href=\"\/site\/contact\/\" class=\"button  \"><i class=\"pw-icon-pencil\"><\/i>Contact<\/a> <a href=\"#\" class=\"button  \"><i class=\"pw-icon-up-open-big\"><\/i>Remonter<\/a><\/p>\n<\/div>","protected":false},"excerpt":{"rendered":"<p>La science des couleurs et la composition des photos sont des propri\u00e9t\u00e9s subjectives. Mais si vous \u00eates l\u00e0, c&rsquo;est sans doute parce que vous \u00eates attir\u00e9s par mes photos et que vous souhaitez avoir confiance en mon sens artistique. Chacune de mes photos est trait\u00e9e individuellement. J&rsquo;ajuste la luminosit\u00e9, les contrastes et les couleurs pour&#8230; <span class=\"more\"><a class=\"more-link\" href=\"https:\/\/www.elkanaphotography.com\/site\/tarifs\/\">Read More<\/a><\/span><\/p>\n","protected":false},"author":2,"featured_media":0,"parent":0,"menu_order":0,"comment_status":"closed","ping_status":"closed","template":"template-medium_width_page.php","meta":{"footnotes":""},"class_list":["post-6915","page","type-page","status-publish","hentry"],"_links":{"self":[{"href":"https:\/\/www.elkanaphotography.com\/site\/wp-json\/wp\/v2\/pages\/6915","targetHints":{"allow":["GET"]}}],"collection":[{"href":"https:\/\/www.elkanaphotography.com\/site\/wp-json\/wp\/v2\/pages"}],"about":[{"href":"https:\/\/www.elkanaphotography.com\/site\/wp-json\/wp\/v2\/types\/page"}],"author":[{"embeddable":true,"href":"https:\/\/www.elkanaphotography.com\/site\/wp-json\/wp\/v2\/users\/2"}],"replies":[{"embeddable":true,"href":"https:\/\/www.elkanaphotography.com\/site\/wp-json\/wp\/v2\/comments?post=6915"}],"version-history":[{"count":101,"href":"https:\/\/www.elkanaphotography.com\/site\/wp-json\/wp\/v2\/pages\/6915\/revisions"}],"predecessor-version":[{"id":7159,"href":"https:\/\/www.elkanaphotography.com\/site\/wp-json\/wp\/v2\/pages\/6915\/revisions\/7159"}],"wp:attachment":[{"href":"https:\/\/www.elkanaphotography.com\/site\/wp-json\/wp\/v2\/media?parent=6915"}],"curies":[{"name":"wp","href":"https:\/\/api.w.org\/{rel}","templated":true}]}}