{"id":30,"date":"2014-08-08T21:31:27","date_gmt":"2014-08-08T21:31:27","guid":{"rendered":"http:\/\/themes.pixelwars.org\/readme-wp\/?page_id=30"},"modified":"2023-02-20T20:54:04","modified_gmt":"2023-02-20T19:54:04","slug":"qui","status":"publish","type":"page","link":"https:\/\/www.elkanaphotography.com\/site\/qui\/","title":{"rendered":"Qui suis-je ?"},"content":{"rendered":"<div class=\"full-width-image\"><img loading=\"lazy\" decoding=\"async\" class=\"alignnone wp-image-2553 size-full\" src=\"http:\/\/www.elkanaphotography.com\/site\/wp-content\/uploads\/2018\/05\/NI2_3354-1920px-site.jpg\" alt=\"\" width=\"1920\" height=\"1080\" srcset=\"https:\/\/www.elkanaphotography.com\/site\/wp-content\/uploads\/2018\/05\/NI2_3354-1920px-site.jpg 1920w, https:\/\/www.elkanaphotography.com\/site\/wp-content\/uploads\/2018\/05\/NI2_3354-1920px-site-600x338.jpg 600w, https:\/\/www.elkanaphotography.com\/site\/wp-content\/uploads\/2018\/05\/NI2_3354-1920px-site-300x169.jpg 300w, https:\/\/www.elkanaphotography.com\/site\/wp-content\/uploads\/2018\/05\/NI2_3354-1920px-site-768x432.jpg 768w, https:\/\/www.elkanaphotography.com\/site\/wp-content\/uploads\/2018\/05\/NI2_3354-1920px-site-1024x576.jpg 1024w, https:\/\/www.elkanaphotography.com\/site\/wp-content\/uploads\/2018\/05\/NI2_3354-1920px-site-711x400.jpg 711w, https:\/\/www.elkanaphotography.com\/site\/wp-content\/uploads\/2018\/05\/NI2_3354-1920px-site-1400x788.jpg 1400w\" sizes=\"auto, (max-width: 1920px) 100vw, 1920px\" \/><\/p>\n<\/div>\n<h2 class=\"section-title center\">Pr\u00e9sentation<\/h2>\n<p>Je m&rsquo;appelle Elkana. Papa d&rsquo;un ado. Je travaille dans le domaine de l&rsquo;image depuis plus d&rsquo;une vingtaine d&rsquo;ann\u00e9es.<\/p>\n<p>J&rsquo;ai deux cordes \u00e0 mon arc : je suis r\u00e9alisateur multicam\u00e9ra pour des \u00e9missions de t\u00e9l\u00e9vision, de spectacles ou d&rsquo;\u00e9v\u00e8nements importants. Dans ce cadre, je suis une sorte de \u00ab chef d&rsquo;orchestre \u00bb du programme final : je r\u00e9unis une \u00e9quipe avec divers corps de m\u00e9tiers (scripte, cadreurs, directeur photo, etc.) et je coordonne ces personnes qui vont filmer, \u00e9clairer, prendre le son. Puis je choisis les plans film\u00e9s et les compose en direct pour la diffusion.<br \/>\nMon autre m\u00e9tier est celui de photographe : dans ce cas-l\u00e0, c&rsquo;est \u00e0 mon tour d&rsquo;\u00eatre derri\u00e8re l&rsquo;appareil ! Je con\u00e7ois l&rsquo;image avec le mod\u00e8le ou le paysage et je capte l&rsquo;instant. Deux m\u00e9tiers diff\u00e9rents dans l&rsquo;application mais avec un m\u00eame but : transmettre un message par l&rsquo;interm\u00e9diaire de belles images.<br \/>\nJ&rsquo;ai \u00e9galement donn\u00e9 des cours en Lyc\u00e9e public durant quelques ann\u00e9es et je continue de partager mon exp\u00e9rience au travers de formations priv\u00e9es.<\/p>\n<p>Ma passion c&rsquo;est le visuel, tout ce qui est beau \u00e0 regarder m&rsquo;int\u00e9resse. J&rsquo;appr\u00e9cie les gens talentueux, originaux dans leur travail, et je cherche \u00e0 en faire partie.<\/p>\n<p>N&rsquo;h\u00e9sitez pas \u00e0 me laisser un mot un peu plus bas avec votre projet, vos dates et autres pr\u00e9cisions. Je vous r\u00e9pondrais le plus rapidement possible.<\/p>\n<h2 class=\"section-title \">Me joindre<\/h2>\n<div class=\"row\">\n<div class=\"col-sm-4 col-xs-6  \">\n<div class=\"fun-fact\"><i class=\"pw-icon-phone-outline\"><\/i><\/p>\n<h4>Tel : +33-62-777-2815<\/h4>\n<\/div><\/div>\n<div class=\"col-sm-4 col-xs-6  \">\n<div class=\"fun-fact\"><i class=\"pw-icon-instagram\"><\/i><\/p>\n<h4>@elkanaphotography<\/h4>\n<\/div><\/div>\n<div class=\"col-sm-4 col-xs-6  \">\n<div class=\"fun-fact\"><i class=\"pw-icon-location-outline\"><\/i><\/p>\n<h4>Lille (59), FRANCE<\/h4>\n<\/div><\/div>\n<\/div>\n<h2 class=\"section-title \">ou laissez-moi un mot !<\/h2>\n\n<div class=\"wpcf7 no-js\" id=\"wpcf7-f2530-o1\" lang=\"fr-FR\" dir=\"ltr\" data-wpcf7-id=\"2530\">\n<div class=\"screen-reader-response\"><p role=\"status\" aria-live=\"polite\" aria-atomic=\"true\"><\/p> <ul><\/ul><\/div>\n<form action=\"\/site\/wp-json\/wp\/v2\/pages\/30#wpcf7-f2530-o1\" method=\"post\" class=\"wpcf7-form init\" aria-label=\"Formulaire de contact\" novalidate=\"novalidate\" data-status=\"init\">\n<fieldset class=\"hidden-fields-container\"><input type=\"hidden\" name=\"_wpcf7\" value=\"2530\" \/><input type=\"hidden\" name=\"_wpcf7_version\" value=\"6.1.3\" \/><input type=\"hidden\" name=\"_wpcf7_locale\" value=\"fr_FR\" \/><input type=\"hidden\" name=\"_wpcf7_unit_tag\" value=\"wpcf7-f2530-o1\" \/><input type=\"hidden\" name=\"_wpcf7_container_post\" value=\"0\" \/><input type=\"hidden\" name=\"_wpcf7_posted_data_hash\" value=\"\" \/><input type=\"hidden\" name=\"_wpcf7_recaptcha_response\" value=\"\" \/>\n<\/fieldset>\n<p><label> Nom*<br \/>\n<span class=\"wpcf7-form-control-wrap\" data-name=\"your-name\"><input size=\"40\" maxlength=\"400\" class=\"wpcf7-form-control wpcf7-text wpcf7-validates-as-required\" aria-required=\"true\" aria-invalid=\"false\" value=\"\" type=\"text\" name=\"your-name\" \/><\/span> <\/label>\n<\/p>\n<p><label> Email*<br \/>\n<span class=\"wpcf7-form-control-wrap\" data-name=\"your-email\"><input size=\"40\" maxlength=\"400\" class=\"wpcf7-form-control wpcf7-email wpcf7-validates-as-required wpcf7-text wpcf7-validates-as-email\" aria-required=\"true\" aria-invalid=\"false\" value=\"\" type=\"email\" name=\"your-email\" \/><\/span> <\/label>\n<\/p>\n<p><label> Objet<br \/>\n<span class=\"wpcf7-form-control-wrap\" data-name=\"your-subject\"><input size=\"40\" maxlength=\"400\" class=\"wpcf7-form-control wpcf7-text\" aria-invalid=\"false\" value=\"\" type=\"text\" name=\"your-subject\" \/><\/span> <\/label>\n<\/p>\n<p><label> Message*<br \/>\n<span class=\"wpcf7-form-control-wrap\" data-name=\"your-message\"><textarea cols=\"40\" rows=\"10\" maxlength=\"2000\" class=\"wpcf7-form-control wpcf7-textarea\" aria-invalid=\"false\" name=\"your-message\"><\/textarea><\/span> <\/label>\n<\/p>\n<p>(*) champs obligatoires<br \/>\n<input class=\"wpcf7-form-control wpcf7-submit has-spinner\" type=\"submit\" value=\"Envoyer\" \/>\n<\/p><div class=\"wpcf7-response-output\" aria-hidden=\"true\"><\/div>\n<\/form>\n<\/div>\n\n<div class=\"show-buttons\">\n<p style=\"text-align: center;\"><a href=\"#\" class=\"button  \"><i class=\"pw-icon-up-open-big\"><\/i>Remonter<\/a><\/p>\n<\/div>\n","protected":false},"excerpt":{"rendered":"<p>Je m&rsquo;appelle Elkana. Papa d&rsquo;un ado. Je travaille dans le domaine de l&rsquo;image depuis plus d&rsquo;une vingtaine d&rsquo;ann\u00e9es. J&rsquo;ai deux cordes \u00e0 mon arc : je suis r\u00e9alisateur multicam\u00e9ra pour des \u00e9missions de t\u00e9l\u00e9vision, de spectacles ou d&rsquo;\u00e9v\u00e8nements importants. Dans ce cadre, je suis une sorte de \u00ab chef d&rsquo;orchestre \u00bb du programme final :&#8230; <span class=\"more\"><a class=\"more-link\" href=\"https:\/\/www.elkanaphotography.com\/site\/qui\/\">Read More<\/a><\/span><\/p>\n","protected":false},"author":2,"featured_media":0,"parent":0,"menu_order":0,"comment_status":"closed","ping_status":"closed","template":"template-medium_width_page.php","meta":{"footnotes":""},"class_list":["post-30","page","type-page","status-publish","hentry"],"_links":{"self":[{"href":"https:\/\/www.elkanaphotography.com\/site\/wp-json\/wp\/v2\/pages\/30","targetHints":{"allow":["GET"]}}],"collection":[{"href":"https:\/\/www.elkanaphotography.com\/site\/wp-json\/wp\/v2\/pages"}],"about":[{"href":"https:\/\/www.elkanaphotography.com\/site\/wp-json\/wp\/v2\/types\/page"}],"author":[{"embeddable":true,"href":"https:\/\/www.elkanaphotography.com\/site\/wp-json\/wp\/v2\/users\/2"}],"replies":[{"embeddable":true,"href":"https:\/\/www.elkanaphotography.com\/site\/wp-json\/wp\/v2\/comments?post=30"}],"version-history":[{"count":112,"href":"https:\/\/www.elkanaphotography.com\/site\/wp-json\/wp\/v2\/pages\/30\/revisions"}],"predecessor-version":[{"id":7044,"href":"https:\/\/www.elkanaphotography.com\/site\/wp-json\/wp\/v2\/pages\/30\/revisions\/7044"}],"wp:attachment":[{"href":"https:\/\/www.elkanaphotography.com\/site\/wp-json\/wp\/v2\/media?parent=30"}],"curies":[{"name":"wp","href":"https:\/\/api.w.org\/{rel}","templated":true}]}}